{"id":8,"date":"2023-05-01T22:38:48","date_gmt":"2023-05-01T22:38:48","guid":{"rendered":"https:\/\/edenwaldhousesbx.com\/home\/"},"modified":"2023-09-25T14:41:00","modified_gmt":"2023-09-25T14:41:00","slug":"home","status":"publish","type":"page","link":"https:\/\/edenwaldhousesbx.com\/es\/","title":{"rendered":"Home"},"content":{"rendered":"<div class=\"wp-block-cover alignfull is-light has-custom-content-position is-position-center-left\" style=\"min-height:100vh;aspect-ratio:unset;\"><span aria-hidden=\"true\" class=\"wp-block-cover__background has-primary-background-color has-background-dim-10 has-background-dim\"><\/span><img loading=\"lazy\" decoding=\"async\" width=\"2560\" height=\"1440\" class=\"wp-block-cover__image-background wp-image-219\" alt=\"\" src=\"https:\/\/edenwaldhousesbx.com\/wp-content\/uploads\/2022\/07\/Untitled_Artwork-9-1-scaled.jpg\" style=\"object-position:22% 100%\" data-object-fit=\"cover\" data-object-position=\"22% 100%\" srcset=\"https:\/\/edenwaldhousesbx.com\/wp-content\/uploads\/2022\/07\/Untitled_Artwork-9-1-scaled.jpg 2560w, https:\/\/edenwaldhousesbx.com\/wp-content\/uploads\/2022\/07\/Untitled_Artwork-9-1-300x169.jpg 300w, https:\/\/edenwaldhousesbx.com\/wp-content\/uploads\/2022\/07\/Untitled_Artwork-9-1-1024x576.jpg 1024w, https:\/\/edenwaldhousesbx.com\/wp-content\/uploads\/2022\/07\/Untitled_Artwork-9-1-768x432.jpg 768w, https:\/\/edenwaldhousesbx.com\/wp-content\/uploads\/2022\/07\/Untitled_Artwork-9-1-1536x864.jpg 1536w, https:\/\/edenwaldhousesbx.com\/wp-content\/uploads\/2022\/07\/Untitled_Artwork-9-1-2048x1152.jpg 2048w, https:\/\/edenwaldhousesbx.com\/wp-content\/uploads\/2022\/07\/Untitled_Artwork-9-1-18x10.jpg 18w\" sizes=\"auto, (max-width: 2560px) 100vw, 2560px\" \/><div class=\"wp-block-cover__inner-container is-layout-flow wp-block-cover-is-layout-flow\">\n<h1 class=\"wp-block-heading has-quaternary-color has-text-color\">Edenwald Houses<\/h1>\n\n\n\n<div class=\"wp-block-buttons is-layout-flex wp-block-buttons-is-layout-flex\">\n<div class=\"wp-block-button\"><a class=\"wp-block-button__link wp-element-button\" href=\"https:\/\/edenwaldhousesbx.com\/es\/about\/\">aprende m\u00e1s<\/a><\/div>\n<\/div>\n<\/div><\/div>\n\n\n\n<p class=\"has-text-align-center has-primary-color has-text-color has-medium-font-size\"><strong>Para traducir este sitio web al espa\u00f1ol, haga clic en el icono de la bandera en la parte superior izquierda de la p\u00e1gina.<\/strong><\/p>\n\n\n\n<div style=\"height:26px\" aria-hidden=\"true\" class=\"wp-block-spacer\"><\/div>\n\n\n\n<h2 class=\"wp-block-heading has-text-align-center has-tertiary-color has-text-color\">Anuncios<\/h2>\n\n\n\n<div class=\"wp-block-buttons is-content-justification-center is-layout-flex wp-container-core-buttons-is-layout-16018d1d wp-block-buttons-is-layout-flex\"><\/div>\n\n\n\n<div style=\"height:20px\" aria-hidden=\"true\" class=\"wp-block-spacer\"><\/div>\n\n\n\n<p class=\"has-text-align-center has-small-font-size\">\u00a1C+C Apartment Management administra oficialmente Edenwald Houses! Revise nuestra carta de bienvenida para residentes y las instrucciones de pago de alquiler vinculadas a continuaci\u00f3n.<\/p>\n\n\n\n<div class=\"wp-block-buttons is-content-justification-center is-layout-flex wp-container-core-buttons-is-layout-16018d1d wp-block-buttons-is-layout-flex\">\n<div class=\"wp-block-button\"><a class=\"wp-block-button__link has-quaternary-color has-text-color has-text-align-center wp-element-button\" href=\"https:\/\/edenwaldhousesbx.com\/wp-content\/uploads\/2023\/06\/Welcome-Packet-for-website.pdf\" target=\"_blank\" rel=\"noreferrer noopener\">paquete de bienvenida<\/a><\/div>\n\n\n\n<div class=\"wp-block-button\"><a class=\"wp-block-button__link has-quaternary-color has-primary-background-color has-text-color has-background wp-element-button\" href=\"https:\/\/edenwaldhousesbx.com\/wp-content\/uploads\/2023\/06\/Rent-Payment-Instructions2-for-website.pdf\" target=\"_blank\" rel=\"noreferrer noopener\">instrucciones de alquiler<\/a><\/div>\n<\/div>\n\n\n\n<div style=\"height:20px\" aria-hidden=\"true\" class=\"wp-block-spacer\"><\/div>\n\n\n\n<p class=\"has-text-align-center has-small-font-size coblocks-animate\" data-coblocks-animation=\"fadeIn\">\u00a1Las reparaciones e inspecciones de la Secci\u00f3n 8 HQS est\u00e1n en curso!<strong> <\/strong>Si no ha recibido una cita por favor cont\u00e1ctenos al <strong>212-348-3248<\/strong> ext. 881 o 878 o escr\u00edbenos a&nbsp;<a rel=\"noreferrer noopener\" href=\"mailto:info@edenwaldhousesbx.com\" target=\"_blank\">info@edenwaldhousesbx.com<\/a><\/p>\n\n\n\n<div style=\"height:20px\" aria-hidden=\"true\" class=\"wp-block-spacer\"><\/div>\n\n\n\n<h2 class=\"wp-block-heading has-text-align-center has-primary-color has-text-color has-huge-font-size coblocks-animate\" data-coblocks-animation=\"zoomIn\"><strong>Nosotros estamos contratando! <\/strong><\/h2>\n\n\n\n<p class=\"has-text-align-center has-small-font-size\">Please join us for a free construction training July 31st&nbsp;through August 4th and August 7th. Details on dates, times, and how to register in the flyer below. <strong>La inscripci\u00f3n es obligatoria para asistir.<\/strong><\/p>\n\n\n\n<div class=\"wp-block-buttons is-content-justification-center is-layout-flex wp-container-core-buttons-is-layout-16018d1d wp-block-buttons-is-layout-flex\">\n<div class=\"wp-block-button\"><a class=\"wp-block-button__link wp-element-button\" href=\"https:\/\/edenwaldhousesbx.com\/wp-content\/uploads\/2023\/07\/FLYER-Edenwald-Construction-Training-July-2023-DOC-Approved-002.pdf\" target=\"_blank\" rel=\"noreferrer noopener\">descargar volante<\/a><\/div>\n<\/div>\n\n\n\n<p class=\"has-text-align-center has-primary-color has-text-color has-medium-font-size coblocks-animate\" data-coblocks-animation=\"fadeIn\">Por favor revise el <strong>CAPACITACI\u00d3N Y CONTRATACI\u00d3N<\/strong> Pesta\u00f1a para obtener informaci\u00f3n y c\u00f3mo aplicar!<\/p>\n\n\n\n<div style=\"height:20px\" aria-hidden=\"true\" class=\"wp-block-spacer\"><\/div>\n\n\n\n<p class=\"has-text-align-center has-small-font-size coblocks-animate\" data-coblocks-animation=\"fadeIn\">\u00a1La unidad modelo est\u00e1 abierta para visitas! Por favor vis\u00edtenos al 1132 229<sup>th<\/sup>&nbsp;Drive South #9F.<\/p>\n\n\n\n<h2 class=\"wp-block-heading has-text-align-center coblocks-animate\" data-coblocks-animation=\"fadeIn\">Plan Comunitario<\/h2>\n\n\n\n<p class=\"has-text-align-center has-small-font-size coblocks-animate\" data-coblocks-animation=\"fadeIn\">El Plan Comunitario de Edenwald ahora est\u00e1 disponible como un recurso para ver las transformaciones y mejoras planificadas que llegar\u00e1n a Edenwald a trav\u00e9s del programa PACT. Pronto se entregar\u00e1n copias a todos los residentes. Las copias en espa\u00f1ol se pueden recoger en la oficina de administraci\u00f3n despu\u00e9s del 27 de junio.<\/p>\n\n\n\n<div class=\"wp-block-buttons is-content-justification-center is-layout-flex wp-container-core-buttons-is-layout-16018d1d wp-block-buttons-is-layout-flex\">\n<div class=\"wp-block-button\"><a class=\"wp-block-button__link wp-element-button\" href=\"https:\/\/edenwaldhousesbx.com\/wp-content\/uploads\/2023\/06\/Edenwald-Community-Plan-English.pdf\" target=\"_blank\" rel=\"noreferrer noopener\">descargar plano (ingl\u00e9s)<\/a><\/div>\n\n\n\n<div class=\"wp-block-button\"><a class=\"wp-block-button__link wp-element-button\" href=\"https:\/\/edenwaldhousesbx.com\/wp-content\/uploads\/2023\/06\/Edenwald-Community-Plan-Spanish.pdf\" target=\"_blank\" rel=\"noreferrer noopener\">descargar plano (espa\u00f1ol)<\/a><\/div>\n<\/div>\n\n\n\n<div style=\"height:20px\" aria-hidden=\"true\" class=\"wp-block-spacer\"><\/div>\n\n\n\n<hr class=\"wp-block-separator has-css-opacity\"\/>\n\n\n\n<div class=\"wp-block-media-text alignwide has-media-on-the-right is-stacked-on-mobile is-style-default\"><div class=\"wp-block-media-text__content\">\n<h2 class=\"wp-block-heading has-text-align-left has-black-color has-text-color coblocks-animate\" data-coblocks-animation=\"fadeIn\"><strong>Bienvenidos<\/strong><\/h2>\n\n\n\n<p class=\"has-black-color has-text-color has-small-font-size coblocks-animate\" data-coblocks-animation=\"slideInLeft\">El socio de Edenwald PACT ha sido seleccionado por NYCHA y los l\u00edderes residentes de Edenwald para crear e implementar un plan de mejora integral para Edenwald Houses en el Bronx bajo el programa PACT. Las mejoras planificadas incluyen renovaciones del sitio y del edificio, adem\u00e1s de un Plan de Servicio Social completo para reforzar los servicios para j\u00f3venes, adultos, adultos mayores y la comunidad en Edenwald. El socio de Edenwald PACT continuar\u00e1 trabajando con los residentes para incorporar comentarios e ideas sobre el dise\u00f1o y la programaci\u00f3n. Esperamos trabajar junto con la comunidad para crear un futuro brillante para los residentes de Edenwald.<\/p>\n<\/div><figure class=\"wp-block-media-text__media\"><img loading=\"lazy\" decoding=\"async\" width=\"1024\" height=\"1024\" src=\"https:\/\/edenwaldhousesbx.com\/wp-content\/uploads\/2022\/07\/Untitled_Artwork-7-1-1024x1024.jpg\" alt=\"\" class=\"wp-image-215 size-full\" srcset=\"https:\/\/edenwaldhousesbx.com\/wp-content\/uploads\/2022\/07\/Untitled_Artwork-7-1-1024x1024.jpg 1024w, https:\/\/edenwaldhousesbx.com\/wp-content\/uploads\/2022\/07\/Untitled_Artwork-7-1-300x300.jpg 300w, https:\/\/edenwaldhousesbx.com\/wp-content\/uploads\/2022\/07\/Untitled_Artwork-7-1-150x150.jpg 150w, https:\/\/edenwaldhousesbx.com\/wp-content\/uploads\/2022\/07\/Untitled_Artwork-7-1-768x768.jpg 768w, https:\/\/edenwaldhousesbx.com\/wp-content\/uploads\/2022\/07\/Untitled_Artwork-7-1-1536x1536.jpg 1536w, https:\/\/edenwaldhousesbx.com\/wp-content\/uploads\/2022\/07\/Untitled_Artwork-7-1-2048x2048.jpg 2048w, https:\/\/edenwaldhousesbx.com\/wp-content\/uploads\/2022\/07\/Untitled_Artwork-7-1-12x12.jpg 12w\" sizes=\"auto, (max-width: 1024px) 100vw, 1024px\" \/><\/figure><\/div>\n\n\n\n<hr class=\"wp-block-separator has-css-opacity\"\/>\n\n\n\n<h2 class=\"wp-block-heading has-tertiary-color has-text-color coblocks-animate\" data-coblocks-animation=\"fadeIn\">Que es el NYCHA PACT?<\/h2>\n\n\n\n<p class=\"has-small-font-size coblocks-animate\" data-coblocks-animation=\"slideInLeft\">El Compromiso Permanente de Asequibilidad Juntos (PACT, por sus siglas en ingl\u00e9s) desbloquea fondos para completar reparaciones integrales, nueva administraci\u00f3n de propiedades y servicios sociales mejorados, al mismo tiempo que mantiene viviendas permanentemente asequibles y garantiza que los residentes tengan los mismos derechos b\u00e1sicos que poseen en el programa de vivienda p\u00fablica.<\/p>\n\n\n\n<p><\/p>\n\n\n\n<p class=\"has-small-font-size coblocks-animate\" data-coblocks-animation=\"slideInLeft\">A trav\u00e9s de PACT, los desarrollos se incluyen en la Demostraci\u00f3n de Asistencia de Alquiler (RAD) y se convierten en un programa m\u00e1s estable financiado por el gobierno federal llamado Secci\u00f3n 8 basada en proyectos. Los residentes que hagan la transici\u00f3n al programa de la Secci\u00f3n 8 seguir\u00e1n pagando el 30 % de su ingreso familiar bruto ajustado hacia el alquiler.\u00a0Los residentes conservar\u00e1n el derecho a organizarse, permanecer en sus apartamentos durante la construcci\u00f3n, renovar contratos de arrendamiento y audiencias de quejas.\u00a0&nbsp;<\/p>\n\n\n\n<p><\/p>\n\n\n\n<p class=\"has-small-font-size coblocks-animate\" data-coblocks-animation=\"slideInLeft\">Adem\u00e1s, los residentes tendr\u00e1n derecho a solicitar oportunidades laborales asociadas con la conversi\u00f3n.\u00a0Se publicar\u00e1 m\u00e1s informaci\u00f3n sobre oportunidades de trabajo, capacitaciones y pr\u00f3ximas reuniones en este sitio web.<\/p>\n\n\n\n<div style=\"height:100px\" aria-hidden=\"true\" class=\"wp-block-spacer\"><\/div>\n\n\n\n<div class=\"wp-block-cover alignfull\" style=\"min-height:100vh;aspect-ratio:unset;\"><span aria-hidden=\"true\" class=\"wp-block-cover__background has-background-dim-10 has-background-dim\"><\/span><img loading=\"lazy\" decoding=\"async\" width=\"2560\" height=\"2560\" class=\"wp-block-cover__image-background wp-image-220\" alt=\"\" src=\"https:\/\/edenwaldhousesbx.com\/wp-content\/uploads\/2022\/07\/Untitled_Artwork-11-scaled.jpg\" style=\"object-position:81% 95%\" data-object-fit=\"cover\" data-object-position=\"81% 95%\" srcset=\"https:\/\/edenwaldhousesbx.com\/wp-content\/uploads\/2022\/07\/Untitled_Artwork-11-scaled.jpg 2560w, https:\/\/edenwaldhousesbx.com\/wp-content\/uploads\/2022\/07\/Untitled_Artwork-11-300x300.jpg 300w, https:\/\/edenwaldhousesbx.com\/wp-content\/uploads\/2022\/07\/Untitled_Artwork-11-1024x1024.jpg 1024w, https:\/\/edenwaldhousesbx.com\/wp-content\/uploads\/2022\/07\/Untitled_Artwork-11-150x150.jpg 150w, https:\/\/edenwaldhousesbx.com\/wp-content\/uploads\/2022\/07\/Untitled_Artwork-11-768x768.jpg 768w, https:\/\/edenwaldhousesbx.com\/wp-content\/uploads\/2022\/07\/Untitled_Artwork-11-1536x1536.jpg 1536w, https:\/\/edenwaldhousesbx.com\/wp-content\/uploads\/2022\/07\/Untitled_Artwork-11-2048x2048.jpg 2048w, https:\/\/edenwaldhousesbx.com\/wp-content\/uploads\/2022\/07\/Untitled_Artwork-11-12x12.jpg 12w\" sizes=\"auto, (max-width: 2560px) 100vw, 2560px\" \/><div class=\"wp-block-cover__inner-container is-layout-flow wp-block-cover-is-layout-flow\">\n<h1 class=\"wp-block-heading has-text-align-center has-quaternary-color has-text-color\">CONTACTO<\/h1>\n\n\n\n<p class=\"has-text-align-center has-quaternary-color has-text-color has-large-font-size\">Socio del Edenwald PACT<\/p>\n\n\n\n<p class=\"has-text-align-center has-quaternary-color has-text-color has-medium-font-size\">(347) 727-1337<\/p>\n\n\n\n<div class=\"wp-block-buttons is-content-justification-center is-layout-flex wp-container-core-buttons-is-layout-16018d1d wp-block-buttons-is-layout-flex\">\n<div class=\"wp-block-button is-style-3d\"><a class=\"wp-block-button__link has-quaternary-color has-text-color wp-element-button\" href=\"https:\/\/edenwaldhousesbx.com\/es\/contact\/\">ESCR\u00cdBANOS<\/a><\/div>\n<\/div>\n<\/div><\/div>","protected":false},"excerpt":{"rendered":"<p>Para traducir este sitio web al espa\u00f1ol, haga clic en el icono de la bandera en la parte superior izquierda de la p\u00e1gina. Announcements C+C Apartment Management is officially managing Edenwald Houses! Please review our resident welcome letter and rental payment instructions linked below. Section 8 HQS Repairs and Inspections are ongoing! If you have [&hellip;]<\/p>\n","protected":false},"author":1,"featured_media":0,"parent":0,"menu_order":0,"comment_status":"closed","ping_status":"closed","template":"","meta":{"_coblocks_attr":"","_coblocks_dimensions":"","_coblocks_responsive_height":"","_coblocks_accordion_ie_support":"","hide_page_title":"","footnotes":""},"class_list":["post-8","page","type-page","status-publish","hentry"],"_links":{"self":[{"href":"https:\/\/edenwaldhousesbx.com\/es\/wp-json\/wp\/v2\/pages\/8","targetHints":{"allow":["GET"]}}],"collection":[{"href":"https:\/\/edenwaldhousesbx.com\/es\/wp-json\/wp\/v2\/pages"}],"about":[{"href":"https:\/\/edenwaldhousesbx.com\/es\/wp-json\/wp\/v2\/types\/page"}],"author":[{"embeddable":true,"href":"https:\/\/edenwaldhousesbx.com\/es\/wp-json\/wp\/v2\/users\/1"}],"replies":[{"embeddable":true,"href":"https:\/\/edenwaldhousesbx.com\/es\/wp-json\/wp\/v2\/comments?post=8"}],"version-history":[{"count":142,"href":"https:\/\/edenwaldhousesbx.com\/es\/wp-json\/wp\/v2\/pages\/8\/revisions"}],"predecessor-version":[{"id":573,"href":"https:\/\/edenwaldhousesbx.com\/es\/wp-json\/wp\/v2\/pages\/8\/revisions\/573"}],"wp:attachment":[{"href":"https:\/\/edenwaldhousesbx.com\/es\/wp-json\/wp\/v2\/media?parent=8"}],"curies":[{"name":"wp","href":"https:\/\/api.w.org\/{rel}","templated":true}]}}