{"id":30,"date":"2022-06-02T16:33:27","date_gmt":"2022-06-02T16:33:27","guid":{"rendered":"https:\/\/edenwaldhousesbx.com\/?page_id=30"},"modified":"2023-06-21T01:58:29","modified_gmt":"2023-06-21T01:58:29","slug":"training-hiring","status":"publish","type":"page","link":"https:\/\/edenwaldhousesbx.com\/es\/training-hiring\/","title":{"rendered":"CAPACITACI\u00d3N Y CONTRATACI\u00d3N"},"content":{"rendered":"<h2 class=\"wp-block-heading\">Capacitaci\u00f3n para residentes y oportunidades de contrataci\u00f3n<\/h2>\n\n\n\n<p>Los miembros del Socio del Edenwald PACT se esfuerzan por ser l\u00edderes en la industria de bienes ra\u00edces mediante la construcci\u00f3n de viviendas asequibles y de calidad mientras brindan empleo, con capacitaci\u00f3n dedicada, para NYCHA y residentes locales de bajos ingresos, y oportunidades de contrataci\u00f3n para empresas de minor\u00edas, mujeres y peque\u00f1as empresas. (\"M\/W\/SBE\").\u00a0Con una experiencia combinada de m\u00e1s de 40 a\u00f1os en el desarrollo y rehabilitaci\u00f3n de desarrollos de bajos ingresos, el socio de Edenwald PACT comprende el poderoso impacto que un proyecto de desarrollo activo puede tener en la econom\u00eda local y busca aprovechar las oportunidades creadas por nuestros proyectos para fortalecer el M\/ W\/SBE contratando mano de obra local y comunitaria.<\/p>\n\n\n\n<p>Contin\u00fae consultando esta p\u00e1gina, ya que el socio de Edenwald PACT comenzar\u00e1 a publicar informaci\u00f3n sobre las oportunidades una vez que est\u00e9n disponibles.\u00a0&nbsp;<\/p>\n\n\n\n<p class=\"has-small-font-size\"><strong>\u00bfEst\u00e1 interesado en unirse al equipo de Edenwald PACT? Consulte las descripciones de trabajo disponibles a continuaci\u00f3n y los enlaces para postularse<\/strong>.<\/p>\n\n\n\n<hr class=\"wp-block-coblocks-dynamic-separator\" style=\"height:50px\"\/>\n\n\n\n<p><\/p>\n\n\n\n<h2 class=\"wp-block-heading\"><strong>Oportunidades de construcci\u00f3n:<\/strong><\/h2>\n\n\n\n<p class=\"has-small-font-size\">\u00danase a nosotros para una capacitaci\u00f3n de construcci\u00f3n gratuita del 10 al 19 de julio. Detalles sobre fechas, horas y c\u00f3mo registrarse en el volante a continuaci\u00f3n.<\/p>\n\n\n\n<div class=\"wp-block-buttons is-layout-flex wp-block-buttons-is-layout-flex\">\n<div class=\"wp-block-button\"><a class=\"wp-block-button__link wp-element-button\" href=\"https:\/\/edenwaldhousesbx.com\/wp-content\/uploads\/2023\/06\/FLYER-Edenwald-Construction-Training-July-2023-DOC-Approved-1.pdf\" target=\"_blank\" rel=\"noreferrer noopener\">descargar volante<\/a><\/div>\n<\/div>\n\n\n\n<div class=\"wp-block-buttons is-layout-flex wp-block-buttons-is-layout-flex\">\n<div class=\"wp-block-button\"><a class=\"wp-block-button__link has-quaternary-color has-text-color wp-element-button\" href=\"https:\/\/www.surveymonkey.com\/r\/N77W77L\" target=\"_blank\" rel=\"noreferrer noopener\">oportunidades de trabajo en la construccion<\/a><\/div>\n<\/div>\n\n\n\n<h2 class=\"wp-block-heading\"><strong>Puestos de Mantenimiento Permanente:<\/strong><\/h2>\n\n\n\n<h3 class=\"wp-block-heading has-tertiary-color has-text-color\">Superintendente de edificios<\/h3>\n\n\n\n<p><strong>Departamento:<\/strong> Mantenimiento<\/p>\n\n\n\n<p><strong>Informes a: <\/strong>Gerente General o Gerente de la Propiedad<\/p>\n\n\n\n<p><\/p>\n\n\n\n<p><strong>Areas de responsabilidad:<\/strong>&nbsp;&nbsp;<\/p>\n\n\n\n<ul class=\"wp-block-list\">\n<li>Responsable del mantenimiento de plomer\u00eda, electricidad, mantenimiento de jardines y rotaci\u00f3n de apartamentos, gesti\u00f3n de proveedores, est\u00e1ndares de apartamentos y gesti\u00f3n exitosa de solicitudes de mantenimiento de manera oportuna.<\/li>\n\n\n\n<li>Personal de supervisi\u00f3n<\/li>\n\n\n\n<li>Comunicaci\u00f3n con el Gerente sobre el Estado de las Unidades Preparadas.<\/li>\n\n\n\n<li>Notificar apropiadamente al administrador de la propiedad si las solicitudes de servicio no se pueden completar debido al pedido de piezas o por cualquier otro motivo.<\/li>\n\n\n\n<li>Responsable de la salida efectiva y oportuna de las unidades vacantes.<\/li>\n\n\n\n<li>Mantener el taller y el \u00e1rea de almacenamiento de manera limpia, ordenada y ordenada.<\/li>\n\n\n\n<li>Mantener las herramientas, el equipo y los veh\u00edculos de la empresa en buen estado de funcionamiento y mantenimiento adecuado.<\/li>\n\n\n\n<li>Responsable de comprar inventario dentro de las pautas presupuestadas en coordinaci\u00f3n con el Gerente de la propiedad.<\/li>\n\n\n\n<li>Instituir y mantener un programa de mantenimiento preventivo.<\/li>\n\n\n\n<li>Supervise capital projects.<\/li>\n\n\n\n<li>Responsable del mantenimiento f\u00edsico y la apariencia de unidades vacantes, \u00e1reas p\u00fablicas, pasillos, \u00e1reas de mantenimiento de terrenos, oficinas, \u00e1reas de lavander\u00eda<\/li>\n\n\n\n<li>Mantener constantemente una actitud profesional y cort\u00e9s al tratar con los residentes, compa\u00f1eros de trabajo y el p\u00fablico en general.<\/li>\n\n\n\n<li>Trabaje con el gerente o la persona designada para completar las inspecciones de los apartamentos.<\/li>\n\n\n\n<li>Lea y respete todas las pol\u00edticas y procedimientos de la empresa.<\/li>\n\n\n\n<li>Capaz de hacer reparaciones generales de edificios.<\/li>\n\n\n\n<li>Otras funciones que le sean asignadas.<\/li>\n<\/ul>\n\n\n\n<p><\/p>\n\n\n\n<p><strong>Funciones laborales esenciales:<\/strong><\/p>\n\n\n\n<ul class=\"wp-block-list\">\n<li>Capacidad para funcionar tanto en el interior como en el exterior en todo tipo de clima.<\/li>\n\n\n\n<li>Trabajo mediano a pesado que requiere estar de pie, caminar, escalar, agacharse, arrodillarse, agacharse y levantar hasta un m\u00e1ximo de 100 libras por per\u00edodos prolongados o repetidos, con levantamiento y carga frecuentes de hasta 50 libras.<\/li>\n\n\n\n<li>La buena coordinaci\u00f3n ojo\/mano es esencial.&nbsp;&nbsp;<\/li>\n<\/ul>\n\n\n\n<p><strong>Requisitos m\u00ednimos de educaci\u00f3n:<\/strong><\/p>\n\n\n\n<ul class=\"wp-block-list\">\n<li>Diploma de escuela secundaria o equivalente preferido pero no requerido<\/li>\n<\/ul>\n\n\n\n<p><\/p>\n\n\n\n<p><strong>Experiencia m\u00ednima requerida:<\/strong><\/p>\n\n\n\n<ul class=\"wp-block-list\">\n<li>2-3 a\u00f1os de experiencia en mantenimiento y\/o supervisi\u00f3n de construcci\u00f3n es ideal<\/li>\n<\/ul>\n\n\n\n<p><\/p>\n\n\n\n<p><strong>Conocimientos, destrezas y habilidades adicionales:<\/strong><\/p>\n\n\n\n<ul class=\"wp-block-list\">\n<li>Conocimientos b\u00e1sicos en todos los oficios de reparaci\u00f3n de edificios, procedimientos y pr\u00e1cticas de compra, requisitos de seguridad en el trabajo y procedimientos de reparaci\u00f3n<\/li>\n\n\n\n<li>Habilidad para usar herramientas manuales normalmente usadas en construcci\u00f3n, mantenimiento y paisajismo.<\/li>\n\n\n\n<li>Habilidad para usar herramientas el\u00e9ctricas, incluidas sierras circulares, taladros el\u00e9ctricos, amoladoras de banco, cortadoras de hilo, cortadoras de setos, limpiadores de pisos el\u00e9ctricos, motosierras, m\u00e1quinas clave, cortadoras de c\u00e9sped, cortadoras de c\u00e9sped.<\/li>\n<\/ul>\n\n\n\n<ul class=\"wp-block-list\">\n<li>Capacidad para mantener registros precisos y detallados.&nbsp;<\/li>\n\n\n\n<li>Conocimientos b\u00e1sicos de los procedimientos de limpieza.&nbsp;<\/li>\n\n\n\n<li>Capacidad para interactuar con los residentes y manejar las quejas con discreci\u00f3n razonable<\/li>\n<\/ul>\n\n\n\n<p><\/p>\n\n\n\n<div class=\"wp-block-buttons is-layout-flex wp-block-buttons-is-layout-flex\">\n<div class=\"wp-block-button\"><a class=\"wp-block-button__link has-quaternary-color has-text-color wp-element-button\" href=\"https:\/\/workforcenow.adp.com\/mascsr\/default\/mdf\/recruitment\/recruitment.html?cid=7c3e4900-98fa-4107-8ba0-d9d64b83bdbb&amp;ccId=19000101_000001&amp;jobId=465601&amp;lang=en_US&amp;source=CC2\" target=\"_blank\" rel=\"noreferrer noopener\">aplicar aqu\u00ed<\/a><\/div>\n<\/div>\n\n\n\n<h3 class=\"wp-block-heading has-tertiary-color has-text-color\">Manitas<\/h3>\n\n\n\n<p><strong>Departamento: <\/strong>Mantenimiento<\/p>\n\n\n\n<p><strong>Informes a:<\/strong> Administrador de la propiedad o superintendente del edificio<\/p>\n\n\n\n<p><\/p>\n\n\n\n<p><strong>Areas de responsabilidad:<\/strong><\/p>\n\n\n\n<ul class=\"wp-block-list\">\n<li>Supervise el edificio y los terrenos para garantizar una presentaci\u00f3n y un entorno limpios y ordenados&nbsp;<\/li>\n\n\n\n<li>Completar actividades menores y de rutina de pintura, plomer\u00eda, cableado el\u00e9ctrico, carpinter\u00eda y otras actividades de mantenimiento relacionadas utilizando herramientas manuales&nbsp;&nbsp;<\/li>\n\n\n\n<li>Siga todas las instrucciones escritas y verbales&nbsp;<\/li>\n\n\n\n<li>Aseg\u00farese de que todos los suministros se almacenen en \u00e1reas apropiadas&nbsp;<\/li>\n\n\n\n<li>Completar tareas de mantenimiento de terrenos, como cortar el c\u00e9sped, podar arbustos, cultivar macizos de flores junto con la remoci\u00f3n de nieve, hielo y escombros.&nbsp;<\/li>\n\n\n\n<li>Retire la basura y des\u00e9chela en las \u00e1reas designadas&nbsp;<\/li>\n\n\n\n<li>Mantener las herramientas y equipos de manera limpia, ordenada y segura.&nbsp;<\/li>\n\n\n\n<li>Garantice la seguridad del edificio durante y despu\u00e9s de completar los trabajos e informe cualquier violaci\u00f3n de seguridad a la gerencia&nbsp;<\/li>\n\n\n\n<li>Informe la necesidad de cualquier reparaci\u00f3n importante al supervisor&nbsp;<\/li>\n\n\n\n<li>Informar y reparar problemas de mantenimiento de emergencia y\/o peligros ambientales de inmediato&nbsp;<\/li>\n\n\n\n<li>Cumplir con todas las pol\u00edticas y procedimientos de la empresa, prestando especial atenci\u00f3n a los procedimientos de salud y\/o seguridad.&nbsp;<\/li>\n\n\n\n<li>Deberes de guardia de emergencia seg\u00fan sea necesario o asignado&nbsp;<\/li>\n\n\n\n<li>Realizar otras tareas relacionadas que se le asignen&nbsp;&nbsp;<\/li>\n<\/ul>\n\n\n\n<p><strong>Funciones laborales esenciales:<\/strong><\/p>\n\n\n\n<ul class=\"wp-block-list\">\n<li>Capacidad para funcionar tanto en el interior como en el exterior en todo tipo de clima.<\/li>\n\n\n\n<li>Trabajo mediano a pesado que requiere estar de pie, caminar, escalar, agacharse, arrodillarse, agacharse y levantar hasta un m\u00e1ximo de 100 libras por per\u00edodos prolongados o repetidos, con levantamiento y carga frecuentes de hasta 50 libras.<\/li>\n\n\n\n<li>La buena coordinaci\u00f3n ojo\/mano es esencial.&nbsp;<\/li>\n<\/ul>\n\n\n\n<p><strong>Requisitos m\u00ednimos de educaci\u00f3n:<\/strong><\/p>\n\n\n\n<ul class=\"wp-block-list\">\n<li>Diploma de escuela secundaria o equivalente preferido pero no requerido<\/li>\n<\/ul>\n\n\n\n<p><strong>Experiencia m\u00ednima requerida:<\/strong><\/p>\n\n\n\n<ul class=\"wp-block-list\">\n<li>1-2 a\u00f1os de experiencia en mantenimiento y\/o supervisi\u00f3n de construcci\u00f3n es ideal<\/li>\n<\/ul>\n\n\n\n<p><strong>Conocimientos, destrezas y habilidades adicionales:<\/strong><\/p>\n\n\n\n<ul class=\"wp-block-list\">\n<li>Conocimientos b\u00e1sicos de los procedimientos de limpieza.&nbsp;&nbsp;<\/li>\n\n\n\n<li>Capacidad para interactuar con los residentes y manejar las quejas con discreci\u00f3n razonable&nbsp;&nbsp;<\/li>\n\n\n\n<li>Habilidad para usar herramientas manuales que normalmente se usan en mantenimiento, paisajismo y construcci\u00f3n.&nbsp;&nbsp;<\/li>\n\n\n\n<li>Capacidad para usar herramientas el\u00e9ctricas, incluidas sierras circulares, taladros el\u00e9ctricos, amoladoras de banco, cortadoras de hilo, cortadoras de setos, limpiadores de pisos el\u00e9ctricos, m\u00e1quinas de champ\u00fa para alfombras, limpiadores de desag\u00fces el\u00e9ctricos, sierras de cadena, m\u00e1quinas de llaves, etc.&nbsp;&nbsp;&nbsp;<\/li>\n\n\n\n<li>Certificaci\u00f3n de pintura con plomo ALC&nbsp;<\/li>\n<\/ul>\n\n\n\n<div class=\"wp-block-buttons is-layout-flex wp-block-buttons-is-layout-flex\">\n<div class=\"wp-block-button\"><a class=\"wp-block-button__link has-quaternary-color has-text-color wp-element-button\" href=\"https:\/\/workforcenow.adp.com\/mascsr\/default\/mdf\/recruitment\/recruitment.html?cid=7c3e4900-98fa-4107-8ba0-d9d64b83bdbb&amp;ccId=19000101_000001&amp;jobId=385207&amp;lang=en_US&amp;source=CC2\" target=\"_blank\" rel=\"noreferrer noopener\">aplicar aqu\u00ed<\/a><\/div>\n<\/div>\n\n\n\n<h3 class=\"wp-block-heading has-tertiary-color has-text-color\">Portero<\/h3>\n\n\n\n<p><strong>Departamento:<\/strong> Mantenimiento<\/p>\n\n\n\n<p><strong>Informes a:<\/strong> Administrador de la propiedad o superintendente del edificio<\/p>\n\n\n\n<p><\/p>\n\n\n\n<p><strong>Areas de responsabilidad:<\/strong><\/p>\n\n\n\n<ul class=\"wp-block-list\">\n<li>Retire la basura y el reciclaje y prep\u00e1rese para la recogida de saneamiento<\/li>\n\n\n\n<li>Conocimiento de las regulaciones del ciclo el\u00e9ctrico.&nbsp;<\/li>\n\n\n\n<li>Cumpla con todas las obligaciones de reciclaje en todo el edificio, incluida la verificaci\u00f3n y clasificaci\u00f3n de los art\u00edculos de reciclaje cuando sea necesario.<\/li>\n\n\n\n<li>Barrer, trapear, pulir y encerar todos los pasillos p\u00fablicos interiores, las escaleras y el \u00e1rea del vest\u00edbulo.<\/li>\n\n\n\n<li>Barrer, trapear, pulir y encerar todos los pasillos p\u00fablicos interiores, las escaleras y el \u00e1rea del vest\u00edbulo.<\/li>\n\n\n\n<li>Ayudar con la preparaci\u00f3n de la ocupaci\u00f3n de apartamentos vacantes<\/li>\n\n\n\n<li>Realizar reparaciones menores&nbsp;<\/li>\n\n\n\n<li>Realizar tareas adicionales seg\u00fan lo considere necesario el Superintendente<\/li>\n\n\n\n<li>Notificar apropiadamente al Superintendente si las solicitudes de servicio no se pueden completar.<\/li>\n\n\n\n<li>Mantener el taller y el \u00e1rea de almacenamiento de manera limpia, ordenada y ordenada.<\/li>\n\n\n\n<li>Mantenga las herramientas y el equipo de la empresa en buen estado y en buen estado de funcionamiento.<\/li>\n\n\n\n<li>Responsable del mantenimiento f\u00edsico y la apariencia de unidades vacantes, \u00e1reas p\u00fablicas, pasillos, \u00e1reas de mantenimiento de terrenos, oficinas, \u00e1reas de lavander\u00eda<\/li>\n\n\n\n<li>Mantener constantemente una actitud profesional y cort\u00e9s al tratar con los residentes, compa\u00f1eros de trabajo y el p\u00fablico en general.<\/li>\n\n\n\n<li>Trabajar con el superintendente y el personal para completar las tareas a tiempo.<\/li>\n\n\n\n<li>Adherirse a todas las pol\u00edticas y procedimientos de la Compa\u00f1\u00eda.&nbsp;<\/li>\n\n\n\n<li>Experiencia con remoci\u00f3n de nieve y limpiadores de pisos el\u00e9ctricos, m\u00e1quinas de champ\u00fa para alfombras, limpiadores de desag\u00fces el\u00e9ctricos, etc.<\/li>\n\n\n\n<li>Otras funciones que le sean asignadas<\/li>\n<\/ul>\n\n\n\n<p><strong>Funciones laborales esenciales:<\/strong><\/p>\n\n\n\n<ul class=\"wp-block-list\">\n<li>Capacidad para funcionar tanto en el interior como en el exterior en todo tipo de clima.<\/li>\n\n\n\n<li>Trabajo mediano a pesado que requiere estar de pie, caminar, escalar, agacharse, arrodillarse, agacharse y levantar hasta un m\u00e1ximo de 100 libras por per\u00edodos prolongados o repetidos, con levantamiento y carga frecuentes de hasta 50 libras.<\/li>\n\n\n\n<li>La buena coordinaci\u00f3n ojo\/mano es esencial.&nbsp;&nbsp;<\/li>\n<\/ul>\n\n\n\n<p><strong>Experiencia m\u00ednima requerida:<\/strong><\/p>\n\n\n\n<ul class=\"wp-block-list\">\n<li>1-2 a\u00f1os de experiencia en mantenimiento y\/o construcci\u00f3n es ideal<\/li>\n<\/ul>\n\n\n\n<p><strong>Conocimientos, destrezas y habilidades adicionales:<\/strong><\/p>\n\n\n\n<ul class=\"wp-block-list\">\n<li>Conocimientos b\u00e1sicos de los procedimientos de limpieza.&nbsp;<\/li>\n\n\n\n<li>Capacidad para interactuar con los residentes y manejar las quejas con discreci\u00f3n razonable<\/li>\n\n\n\n<li>Conocimientos de cuidado de pisos.&nbsp;<\/li>\n\n\n\n<li>Certificaci\u00f3n de pintura con plomo ALC&nbsp;<\/li>\n\n\n\n<li>Capacidad para interactuar con los residentes con discreci\u00f3n razonable<\/li>\n<\/ul>\n\n\n\n<div class=\"wp-block-buttons is-layout-flex wp-block-buttons-is-layout-flex\">\n<div class=\"wp-block-button\"><a class=\"wp-block-button__link has-quaternary-color has-text-color wp-element-button\" href=\"https:\/\/workforcenow.adp.com\/mascsr\/default\/mdf\/recruitment\/recruitment.html?cid=7c3e4900-98fa-4107-8ba0-d9d64b83bdbb&amp;ccId=19000101_000001&amp;jobId=287559&amp;lang=en_US&amp;source=CC2\" target=\"_blank\" rel=\"noreferrer noopener\">aplicar aqu\u00ed<\/a><\/div>\n<\/div>\n\n\n\n<div style=\"height:40px\" aria-hidden=\"true\" class=\"wp-block-spacer\"><\/div>\n\n\n\n<p class=\"has-medium-font-size\"><strong>\u00bfEst\u00e1 interesado en hacer negocios con el equipo PACT de Edenwald? Por favor, siga el enlace a continuaci\u00f3n:<\/strong><\/p>\n\n\n\n<div class=\"wp-block-buttons is-layout-flex wp-block-buttons-is-layout-flex\">\n<div class=\"wp-block-button\"><a class=\"wp-block-button__link wp-element-button\" href=\"https:\/\/www.surveymonkey.com\/r\/N7L8839\" target=\"_blank\" rel=\"noreferrer noopener\">oportunidades de contrataci\u00f3n<\/a><\/div>\n<\/div>\n\n\n\n<hr class=\"wp-block-coblocks-dynamic-separator\" style=\"height:50px\"\/>\n\n\n\n<h3 class=\"wp-block-heading has-tertiary-color has-text-color\">Otro<\/h3>\n\n\n\n<div class=\"wp-block-buttons is-layout-flex wp-block-buttons-is-layout-flex\">\n<div class=\"wp-block-button is-style-fill\"><a class=\"wp-block-button__link wp-element-button\" href=\"https:\/\/www1.nyc.gov\/assets\/nycha\/downloads\/pdf\/PACT-Employment-Opps-English.pdf\" target=\"_blank\" rel=\"noreferrer noopener\">Oportunidades de Empleo de PACT<\/a><\/div>\n<\/div>\n\n\n\n<div class=\"wp-block-buttons is-layout-flex wp-block-buttons-is-layout-flex\">\n<div class=\"wp-block-button is-style-outline is-style-outline--1\"><a class=\"wp-block-button__link wp-element-button\">de vuelta a casa<\/a><\/div>\n<\/div>\n\n\n\n<div class=\"wp-block-buttons is-layout-flex wp-block-buttons-is-layout-flex\"><\/div>","protected":false},"excerpt":{"rendered":"<p>Resident Training &amp; Hiring Opportunities The members of the Edenwald PACT Partner strive to be leaders in the real estate industry by building quality, affordable housing while providing employment, with dedicated training, for NYCHA and local low-income residents, and contracting opportunities for Minority, Woman and Small Business Enterprises (\u201cM\/W\/SBE\u201d). With a combined 40+ years of [&hellip;]<\/p>\n","protected":false},"author":1,"featured_media":0,"parent":0,"menu_order":0,"comment_status":"closed","ping_status":"closed","template":"","meta":{"_coblocks_attr":"","_coblocks_dimensions":"","_coblocks_responsive_height":"","_coblocks_accordion_ie_support":"","hide_page_title":"","footnotes":""},"class_list":["post-30","page","type-page","status-publish","hentry"],"_links":{"self":[{"href":"https:\/\/edenwaldhousesbx.com\/es\/wp-json\/wp\/v2\/pages\/30","targetHints":{"allow":["GET"]}}],"collection":[{"href":"https:\/\/edenwaldhousesbx.com\/es\/wp-json\/wp\/v2\/pages"}],"about":[{"href":"https:\/\/edenwaldhousesbx.com\/es\/wp-json\/wp\/v2\/types\/page"}],"author":[{"embeddable":true,"href":"https:\/\/edenwaldhousesbx.com\/es\/wp-json\/wp\/v2\/users\/1"}],"replies":[{"embeddable":true,"href":"https:\/\/edenwaldhousesbx.com\/es\/wp-json\/wp\/v2\/comments?post=30"}],"version-history":[{"count":24,"href":"https:\/\/edenwaldhousesbx.com\/es\/wp-json\/wp\/v2\/pages\/30\/revisions"}],"predecessor-version":[{"id":490,"href":"https:\/\/edenwaldhousesbx.com\/es\/wp-json\/wp\/v2\/pages\/30\/revisions\/490"}],"wp:attachment":[{"href":"https:\/\/edenwaldhousesbx.com\/es\/wp-json\/wp\/v2\/media?parent=30"}],"curies":[{"name":"wp","href":"https:\/\/api.w.org\/{rel}","templated":true}]}}